{"id":2737,"date":"2024-10-10T18:29:55","date_gmt":"2024-10-10T18:29:55","guid":{"rendered":"https:\/\/upn201oaxaca.edu.mx\/wp\/?page_id=2737"},"modified":"2026-02-23T20:43:41","modified_gmt":"2026-02-23T20:43:41","slug":"convocatoria-msebb-2025-2027","status":"publish","type":"page","link":"https:\/\/upn201oaxaca.edu.mx\/wp\/oferta-educativa\/posgrado\/msebb\/convocatoria-msebb-2025-2027\/","title":{"rendered":"Convocatoria MSEBB 2025-2027"},"content":{"rendered":"\t\t<div data-elementor-type=\"wp-page\" data-elementor-id=\"2737\" class=\"elementor elementor-2737\">\n\t\t\t\t<div class=\"elementor-element elementor-element-bb2f96f e-flex e-con-boxed e-con e-parent\" data-id=\"bb2f96f\" data-element_type=\"container\" data-e-type=\"container\" data-settings=\"{&quot;background_background&quot;:&quot;classic&quot;}\">\n\t\t\t\t\t<div class=\"e-con-inner\">\n\t\t\t\t\t<\/div>\n\t\t\t\t<\/div>\n\t\t<div class=\"elementor-element elementor-element-beVWpil e-con-full e-flex e-con e-parent\" data-id=\"beVWpil\" data-element_type=\"container\" data-e-type=\"container\">\n\t\t\t\t<div class=\"elementor-element elementor-element-5f7e334 elementor-widget__width-inherit elementor-arrows-position-inside elementor-widget elementor-widget-image-carousel\" data-id=\"5f7e334\" data-element_type=\"widget\" data-e-type=\"widget\" data-settings=\"{&quot;navigation&quot;:&quot;arrows&quot;,&quot;autoplay&quot;:&quot;yes&quot;,&quot;pause_on_hover&quot;:&quot;yes&quot;,&quot;pause_on_interaction&quot;:&quot;yes&quot;,&quot;autoplay_speed&quot;:5000,&quot;infinite&quot;:&quot;yes&quot;,&quot;speed&quot;:500}\" data-widget_type=\"image-carousel.default\">\n\t\t\t\t<div class=\"elementor-widget-container\">\n\t\t\t\t\t\t\t<div class=\"elementor-image-carousel-wrapper swiper\" role=\"region\" aria-roledescription=\"carousel\" aria-label=\"Carrusel de im\u00e1genes\" dir=\"ltr\">\n\t\t\t<div class=\"elementor-image-carousel swiper-wrapper swiper-image-stretch\" aria-live=\"off\">\n\t\t\t\t\t\t\t\t<div class=\"swiper-slide\" role=\"group\" aria-roledescription=\"slide\" aria-label=\"1 de 3\"><figure class=\"swiper-slide-inner\"><img decoding=\"async\" class=\"swiper-slide-image\" src=\"https:\/\/upn201oaxaca.edu.mx\/wp\/wp-content\/uploads\/2024\/07\/WhatsApp-Image-2023-03-01-at-10.48.02-AM-9.jpeg\" alt=\"WhatsApp Image 2023-03-01 at 10.48.02 AM (9)\" \/><\/figure><\/div><div class=\"swiper-slide\" role=\"group\" aria-roledescription=\"slide\" aria-label=\"2 de 3\"><figure class=\"swiper-slide-inner\"><img decoding=\"async\" class=\"swiper-slide-image\" src=\"https:\/\/upn201oaxaca.edu.mx\/wp\/wp-content\/uploads\/2024\/07\/IMG-20230605-WA0012.jpg\" alt=\"IMG-20230605-WA0012\" \/><\/figure><\/div><div class=\"swiper-slide\" role=\"group\" aria-roledescription=\"slide\" aria-label=\"3 de 3\"><figure class=\"swiper-slide-inner\"><img decoding=\"async\" class=\"swiper-slide-image\" src=\"https:\/\/upn201oaxaca.edu.mx\/wp\/wp-content\/uploads\/2024\/07\/WhatsApp-Image-2024-05-03-at-10.13.06-AM-3-1024x768.jpeg\" alt=\"WhatsApp Image 2024-05-03 at 10.13.06 AM (3)\" \/><\/figure><\/div>\t\t\t<\/div>\n\t\t\t\t\t\t\t\t\t\t\t\t<div class=\"elementor-swiper-button elementor-swiper-button-prev\" role=\"button\" tabindex=\"0\">\n\t\t\t\t\t\t<svg aria-hidden=\"true\" class=\"e-font-icon-svg e-eicon-chevron-left\" viewBox=\"0 0 1000 1000\" xmlns=\"http:\/\/www.w3.org\/2000\/svg\"><path d=\"M646 125C629 125 613 133 604 142L308 442C296 454 292 471 292 487 292 504 296 521 308 533L604 854C617 867 629 875 646 875 663 875 679 871 692 858 704 846 713 829 713 812 713 796 708 779 692 767L438 487 692 225C700 217 708 204 708 187 708 171 704 154 692 142 675 129 663 125 646 125Z\"><\/path><\/svg>\t\t\t\t\t<\/div>\n\t\t\t\t\t<div class=\"elementor-swiper-button elementor-swiper-button-next\" role=\"button\" tabindex=\"0\">\n\t\t\t\t\t\t<svg aria-hidden=\"true\" class=\"e-font-icon-svg e-eicon-chevron-right\" viewBox=\"0 0 1000 1000\" xmlns=\"http:\/\/www.w3.org\/2000\/svg\"><path d=\"M696 533C708 521 713 504 713 487 713 471 708 454 696 446L400 146C388 133 375 125 354 125 338 125 325 129 313 142 300 154 292 171 292 187 292 204 296 221 308 233L563 492 304 771C292 783 288 800 288 817 288 833 296 850 308 863 321 871 338 875 354 875 371 875 388 867 400 854L696 533Z\"><\/path><\/svg>\t\t\t\t\t<\/div>\n\t\t\t\t\n\t\t\t\t\t\t\t\t\t<\/div>\n\t\t\t\t\t\t<\/div>\n\t\t\t\t<\/div>\n\t\t\t\t<\/div>\n\t\t<div class=\"elementor-element elementor-element-bda8456 e-con-full e-flex e-con e-parent\" data-id=\"bda8456\" data-element_type=\"container\" data-e-type=\"container\">\n\t\t<div class=\"elementor-element elementor-element-a16d736 e-con-full e-flex elementor-invisible e-con e-child\" data-id=\"a16d736\" data-element_type=\"container\" data-e-type=\"container\" data-settings=\"{&quot;animation&quot;:&quot;fadeInLeft&quot;}\">\n\t\t\t\t<div class=\"elementor-element elementor-element-23fb1d5 elementor-widget elementor-widget-image\" data-id=\"23fb1d5\" data-element_type=\"widget\" data-e-type=\"widget\" data-widget_type=\"image.default\">\n\t\t\t\t<div class=\"elementor-widget-container\">\n\t\t\t\t\t\t\t\t\t\t\t\t\t\t\t<img fetchpriority=\"high\" decoding=\"async\" width=\"800\" height=\"150\" src=\"https:\/\/upn201oaxaca.edu.mx\/wp\/wp-content\/uploads\/2024\/09\/control-escolar-5.png\" class=\"attachment-large size-large wp-image-2617\" alt=\"\" srcset=\"https:\/\/upn201oaxaca.edu.mx\/wp\/wp-content\/uploads\/2024\/09\/control-escolar-5.png 800w, https:\/\/upn201oaxaca.edu.mx\/wp\/wp-content\/uploads\/2024\/09\/control-escolar-5-300x56.png 300w, https:\/\/upn201oaxaca.edu.mx\/wp\/wp-content\/uploads\/2024\/09\/control-escolar-5-768x144.png 768w\" sizes=\"(max-width: 800px) 100vw, 800px\" \/>\t\t\t\t\t\t\t\t\t\t\t\t\t\t\t<\/div>\n\t\t\t\t<\/div>\n\t\t\t\t<\/div>\n\t\t\t\t<\/div>\n\t\t<div class=\"elementor-element elementor-element-c124d03 e-flex e-con-boxed e-con e-parent\" data-id=\"c124d03\" data-element_type=\"container\" data-e-type=\"container\">\n\t\t\t\t\t<div class=\"e-con-inner\">\n\t\t\t\t<div class=\"elementor-element elementor-element-7b0040d elementor-align-center elementor-widget elementor-widget-embedpress_pdf\" data-id=\"7b0040d\" data-element_type=\"widget\" data-e-type=\"widget\" data-widget_type=\"embedpress_pdf.default\">\n\t\t\t\t<div class=\"elementor-widget-container\">\n\t\t\t\t\t    <div class=\"embedpress-document-embed ep-doc-3bacdf4e825ff5fab45f188f973536ad ose-document emebedpress-unit-percent \" data-thememode=\"default\" data-customcolor=\"\" data-toolbar=\"yes\" data-toolbar-position=\"top\" data-open=\"no\" data-presentation-mode=\"yes\" data-download=\"yes\" data-copy=\"yes\" data-add-image=\"yes\" data-rotate=\"yes\" data-details=\"yes\" data-id=\"embedpress-pdf-7b0040d\" data-selection-tool=\"0\" data-scrolling=\"0\" data-spreads=\"-1\" style=\" max-width:100%; display: inline-block\">\n\n        \n                <div >\n\n                    <div id=\"ep-elementor-content-7b0040d\" class=\"ep-elementor-content   ep-percentage-width   ep-content-protection-disabled\">\n                        <div id=\"7b0040d\" class=\"ep-embed-content-wraper\">\n                            <div><iframe title=\"CONVOCATORIA MODIFICADA (34)_compressed\" class=\"embedpress-embed-document-pdf embedpress-pdf-7b0040d\" style=\"width: 600%!important;height: 1074px;; max-width:100%; display: inline-block\" src=\"https:\/\/upn201oaxaca.edu.mx\/wp\/wp-admin\/admin-ajax.php?action=get_viewer&#038;file=https%3A%2F%2Fupn201oaxaca.edu.mx%2Fwp%2Fwp-content%2Fuploads%2F2026%2F02%2FCONVOCATORIA-MODIFICADA-34_compressed.pdf&#038;scrolling=0&#038;selection_tool=0&#038;spreads=-1#key=dGhlbWVNb2RlPWRlZmF1bHQmdG9vbGJhcj10cnVlJnBvc2l0aW9uPXRvcCZwcmVzZW50YXRpb249dHJ1ZSZsYXp5TG9hZD1mYWxzZSZkb3dubG9hZD10cnVlJmNvcHlfdGV4dD10cnVlJmFkZF90ZXh0PXRydWUmZHJhdz10cnVlJmFkZF9pbWFnZT10cnVlJnBkZl9yb3RhdGlvbj10cnVlJnBkZl9kZXRhaWxzPXRydWUmem9vbV9pbj10cnVlJnpvb21fb3V0PXRydWUmZml0X3ZpZXc9dHJ1ZSZib29rbWFyaz10cnVlJnNvdW5kPXRydWUmZmxpcGJvb2tfdG9vbGJhcl9wb3NpdGlvbj1ib3R0b20mc2VsZWN0aW9uX3Rvb2w9MCZzY3JvbGxpbmc9MCZzcHJlYWRzPS0xJmlzX3Byb19hY3RpdmU9MA==&#038;zoom=100\" class=\"embedpress-embed-document-pdf embedpress-pdf-7b0040d\" data-emid=\"embedpress-pdf-7b0040d\" data-embed-type=\"PDF\" frameborder=\"0\"><\/iframe><p class=\"embedpress-el-powered\">Powered By EmbedPress<\/p><\/div>                        <\/div>\n\n                    <\/div>\n\n\n                   \n                <\/div>\n            \n    <\/div>\n\n\t\t\t\t<\/div>\n\t\t\t\t<\/div>\n\t\t\t\t\t<\/div>\n\t\t\t\t<\/div>\n\t\t\t\t<\/div>\n\t\t\n    <div class=\"xs_social_share_widget xs_share_url after_content \t\tmain_content  wslu-style-1 wslu-share-box-shaped wslu-fill-colored wslu-none wslu-share-horizontal wslu-theme-font-no wslu-main_content\">\n\n\t\t\n        <ul>\n\t\t\t        <\/ul>\n    <\/div> \n","protected":false},"excerpt":{"rendered":"<p>Powered By EmbedPress<\/p>\n","protected":false},"author":1,"featured_media":0,"parent":737,"menu_order":0,"comment_status":"closed","ping_status":"closed","template":"","meta":{"_acf_changed":false,"footnotes":""},"class_list":["post-2737","page","type-page","status-publish"],"acf":[],"yoast_head":"<!-- This site is optimized with the Yoast SEO plugin v27.2 - https:\/\/yoast.com\/product\/yoast-seo-wordpress\/ -->\n<title>Convocatoria MSEBB 2025-2027 -<\/title>\n<meta name=\"robots\" content=\"index, follow, max-snippet:-1, max-image-preview:large, max-video-preview:-1\" \/>\n<link rel=\"canonical\" href=\"https:\/\/upn201oaxaca.edu.mx\/wp\/oferta-educativa\/posgrado\/msebb\/convocatoria-msebb-2025-2027\/\" \/>\n<meta property=\"og:locale\" content=\"es_ES\" \/>\n<meta property=\"og:type\" content=\"article\" \/>\n<meta property=\"og:title\" content=\"Convocatoria MSEBB 2025-2027 -\" \/>\n<meta property=\"og:description\" content=\"Powered By EmbedPress\" \/>\n<meta property=\"og:url\" content=\"https:\/\/upn201oaxaca.edu.mx\/wp\/oferta-educativa\/posgrado\/msebb\/convocatoria-msebb-2025-2027\/\" \/>\n<meta property=\"article:modified_time\" content=\"2026-02-23T20:43:41+00:00\" \/>\n<meta property=\"og:image\" content=\"https:\/\/upn201oaxaca.edu.mx\/wp\/wp-content\/uploads\/2024\/07\/WhatsApp-Image-2023-03-01-at-10.48.02-AM-9.jpeg\" \/>\n<meta name=\"twitter:card\" content=\"summary_large_image\" \/>\n<meta name=\"twitter:label1\" content=\"Tiempo de lectura\" \/>\n\t<meta name=\"twitter:data1\" content=\"3 minutos\" \/>\n<script type=\"application\/ld+json\" class=\"yoast-schema-graph\">{\"@context\":\"https:\/\/schema.org\",\"@graph\":[{\"@type\":\"WebPage\",\"@id\":\"https:\/\/upn201oaxaca.edu.mx\/wp\/oferta-educativa\/posgrado\/msebb\/convocatoria-msebb-2025-2027\/\",\"url\":\"https:\/\/upn201oaxaca.edu.mx\/wp\/oferta-educativa\/posgrado\/msebb\/convocatoria-msebb-2025-2027\/\",\"name\":\"Convocatoria MSEBB 2025-2027 -\",\"isPartOf\":{\"@id\":\"https:\/\/upn201oaxaca.edu.mx\/wp\/#website\"},\"primaryImageOfPage\":{\"@id\":\"https:\/\/upn201oaxaca.edu.mx\/wp\/oferta-educativa\/posgrado\/msebb\/convocatoria-msebb-2025-2027\/#primaryimage\"},\"image\":{\"@id\":\"https:\/\/upn201oaxaca.edu.mx\/wp\/oferta-educativa\/posgrado\/msebb\/convocatoria-msebb-2025-2027\/#primaryimage\"},\"thumbnailUrl\":\"https:\/\/upn201oaxaca.edu.mx\/wp\/wp-content\/uploads\/2024\/07\/WhatsApp-Image-2023-03-01-at-10.48.02-AM-9.jpeg\",\"datePublished\":\"2024-10-10T18:29:55+00:00\",\"dateModified\":\"2026-02-23T20:43:41+00:00\",\"breadcrumb\":{\"@id\":\"https:\/\/upn201oaxaca.edu.mx\/wp\/oferta-educativa\/posgrado\/msebb\/convocatoria-msebb-2025-2027\/#breadcrumb\"},\"inLanguage\":\"es\",\"potentialAction\":[{\"@type\":\"ReadAction\",\"target\":[\"https:\/\/upn201oaxaca.edu.mx\/wp\/oferta-educativa\/posgrado\/msebb\/convocatoria-msebb-2025-2027\/\"]}]},{\"@type\":\"ImageObject\",\"inLanguage\":\"es\",\"@id\":\"https:\/\/upn201oaxaca.edu.mx\/wp\/oferta-educativa\/posgrado\/msebb\/convocatoria-msebb-2025-2027\/#primaryimage\",\"url\":\"https:\/\/upn201oaxaca.edu.mx\/wp\/wp-content\/uploads\/2024\/07\/WhatsApp-Image-2023-03-01-at-10.48.02-AM-9.jpeg\",\"contentUrl\":\"https:\/\/upn201oaxaca.edu.mx\/wp\/wp-content\/uploads\/2024\/07\/WhatsApp-Image-2023-03-01-at-10.48.02-AM-9.jpeg\",\"width\":1024,\"height\":768},{\"@type\":\"BreadcrumbList\",\"@id\":\"https:\/\/upn201oaxaca.edu.mx\/wp\/oferta-educativa\/posgrado\/msebb\/convocatoria-msebb-2025-2027\/#breadcrumb\",\"itemListElement\":[{\"@type\":\"ListItem\",\"position\":1,\"name\":\"Portada\",\"item\":\"https:\/\/upn201oaxaca.edu.mx\/wp\/\"},{\"@type\":\"ListItem\",\"position\":2,\"name\":\"Oferta educativa\",\"item\":\"https:\/\/upn201oaxaca.edu.mx\/wp\/oferta-educativa\/\"},{\"@type\":\"ListItem\",\"position\":3,\"name\":\"Posgrado\",\"item\":\"https:\/\/upn201oaxaca.edu.mx\/wp\/oferta-educativa\/posgrado\/\"},{\"@type\":\"ListItem\",\"position\":4,\"name\":\"Maestr\u00eda en Socioling\u00fc\u00edstica de la Educaci\u00f3n B\u00e1sica y Biling\u00fce\",\"item\":\"https:\/\/upn201oaxaca.edu.mx\/wp\/oferta-educativa\/posgrado\/msebb\/\"},{\"@type\":\"ListItem\",\"position\":5,\"name\":\"Convocatoria MSEBB 2025-2027\"}]},{\"@type\":\"WebSite\",\"@id\":\"https:\/\/upn201oaxaca.edu.mx\/wp\/#website\",\"url\":\"https:\/\/upn201oaxaca.edu.mx\/wp\/\",\"name\":\"\",\"description\":\"\",\"potentialAction\":[{\"@type\":\"SearchAction\",\"target\":{\"@type\":\"EntryPoint\",\"urlTemplate\":\"https:\/\/upn201oaxaca.edu.mx\/wp\/?s={search_term_string}\"},\"query-input\":{\"@type\":\"PropertyValueSpecification\",\"valueRequired\":true,\"valueName\":\"search_term_string\"}}],\"inLanguage\":\"es\"}]}<\/script>\n<!-- \/ Yoast SEO plugin. -->","yoast_head_json":{"title":"Convocatoria MSEBB 2025-2027 -","robots":{"index":"index","follow":"follow","max-snippet":"max-snippet:-1","max-image-preview":"max-image-preview:large","max-video-preview":"max-video-preview:-1"},"canonical":"https:\/\/upn201oaxaca.edu.mx\/wp\/oferta-educativa\/posgrado\/msebb\/convocatoria-msebb-2025-2027\/","og_locale":"es_ES","og_type":"article","og_title":"Convocatoria MSEBB 2025-2027 -","og_description":"Powered By EmbedPress","og_url":"https:\/\/upn201oaxaca.edu.mx\/wp\/oferta-educativa\/posgrado\/msebb\/convocatoria-msebb-2025-2027\/","article_modified_time":"2026-02-23T20:43:41+00:00","og_image":[{"url":"https:\/\/upn201oaxaca.edu.mx\/wp\/wp-content\/uploads\/2024\/07\/WhatsApp-Image-2023-03-01-at-10.48.02-AM-9.jpeg","type":"","width":"","height":""}],"twitter_card":"summary_large_image","twitter_misc":{"Tiempo de lectura":"3 minutos"},"schema":{"@context":"https:\/\/schema.org","@graph":[{"@type":"WebPage","@id":"https:\/\/upn201oaxaca.edu.mx\/wp\/oferta-educativa\/posgrado\/msebb\/convocatoria-msebb-2025-2027\/","url":"https:\/\/upn201oaxaca.edu.mx\/wp\/oferta-educativa\/posgrado\/msebb\/convocatoria-msebb-2025-2027\/","name":"Convocatoria MSEBB 2025-2027 -","isPartOf":{"@id":"https:\/\/upn201oaxaca.edu.mx\/wp\/#website"},"primaryImageOfPage":{"@id":"https:\/\/upn201oaxaca.edu.mx\/wp\/oferta-educativa\/posgrado\/msebb\/convocatoria-msebb-2025-2027\/#primaryimage"},"image":{"@id":"https:\/\/upn201oaxaca.edu.mx\/wp\/oferta-educativa\/posgrado\/msebb\/convocatoria-msebb-2025-2027\/#primaryimage"},"thumbnailUrl":"https:\/\/upn201oaxaca.edu.mx\/wp\/wp-content\/uploads\/2024\/07\/WhatsApp-Image-2023-03-01-at-10.48.02-AM-9.jpeg","datePublished":"2024-10-10T18:29:55+00:00","dateModified":"2026-02-23T20:43:41+00:00","breadcrumb":{"@id":"https:\/\/upn201oaxaca.edu.mx\/wp\/oferta-educativa\/posgrado\/msebb\/convocatoria-msebb-2025-2027\/#breadcrumb"},"inLanguage":"es","potentialAction":[{"@type":"ReadAction","target":["https:\/\/upn201oaxaca.edu.mx\/wp\/oferta-educativa\/posgrado\/msebb\/convocatoria-msebb-2025-2027\/"]}]},{"@type":"ImageObject","inLanguage":"es","@id":"https:\/\/upn201oaxaca.edu.mx\/wp\/oferta-educativa\/posgrado\/msebb\/convocatoria-msebb-2025-2027\/#primaryimage","url":"https:\/\/upn201oaxaca.edu.mx\/wp\/wp-content\/uploads\/2024\/07\/WhatsApp-Image-2023-03-01-at-10.48.02-AM-9.jpeg","contentUrl":"https:\/\/upn201oaxaca.edu.mx\/wp\/wp-content\/uploads\/2024\/07\/WhatsApp-Image-2023-03-01-at-10.48.02-AM-9.jpeg","width":1024,"height":768},{"@type":"BreadcrumbList","@id":"https:\/\/upn201oaxaca.edu.mx\/wp\/oferta-educativa\/posgrado\/msebb\/convocatoria-msebb-2025-2027\/#breadcrumb","itemListElement":[{"@type":"ListItem","position":1,"name":"Portada","item":"https:\/\/upn201oaxaca.edu.mx\/wp\/"},{"@type":"ListItem","position":2,"name":"Oferta educativa","item":"https:\/\/upn201oaxaca.edu.mx\/wp\/oferta-educativa\/"},{"@type":"ListItem","position":3,"name":"Posgrado","item":"https:\/\/upn201oaxaca.edu.mx\/wp\/oferta-educativa\/posgrado\/"},{"@type":"ListItem","position":4,"name":"Maestr\u00eda en Socioling\u00fc\u00edstica de la Educaci\u00f3n B\u00e1sica y Biling\u00fce","item":"https:\/\/upn201oaxaca.edu.mx\/wp\/oferta-educativa\/posgrado\/msebb\/"},{"@type":"ListItem","position":5,"name":"Convocatoria MSEBB 2025-2027"}]},{"@type":"WebSite","@id":"https:\/\/upn201oaxaca.edu.mx\/wp\/#website","url":"https:\/\/upn201oaxaca.edu.mx\/wp\/","name":"","description":"","potentialAction":[{"@type":"SearchAction","target":{"@type":"EntryPoint","urlTemplate":"https:\/\/upn201oaxaca.edu.mx\/wp\/?s={search_term_string}"},"query-input":{"@type":"PropertyValueSpecification","valueRequired":true,"valueName":"search_term_string"}}],"inLanguage":"es"}]}},"_links":{"self":[{"href":"https:\/\/upn201oaxaca.edu.mx\/wp\/wp-json\/wp\/v2\/pages\/2737","targetHints":{"allow":["GET"]}}],"collection":[{"href":"https:\/\/upn201oaxaca.edu.mx\/wp\/wp-json\/wp\/v2\/pages"}],"about":[{"href":"https:\/\/upn201oaxaca.edu.mx\/wp\/wp-json\/wp\/v2\/types\/page"}],"author":[{"embeddable":true,"href":"https:\/\/upn201oaxaca.edu.mx\/wp\/wp-json\/wp\/v2\/users\/1"}],"replies":[{"embeddable":true,"href":"https:\/\/upn201oaxaca.edu.mx\/wp\/wp-json\/wp\/v2\/comments?post=2737"}],"version-history":[{"count":8,"href":"https:\/\/upn201oaxaca.edu.mx\/wp\/wp-json\/wp\/v2\/pages\/2737\/revisions"}],"predecessor-version":[{"id":4555,"href":"https:\/\/upn201oaxaca.edu.mx\/wp\/wp-json\/wp\/v2\/pages\/2737\/revisions\/4555"}],"up":[{"embeddable":true,"href":"https:\/\/upn201oaxaca.edu.mx\/wp\/wp-json\/wp\/v2\/pages\/737"}],"wp:attachment":[{"href":"https:\/\/upn201oaxaca.edu.mx\/wp\/wp-json\/wp\/v2\/media?parent=2737"}],"curies":[{"name":"wp","href":"https:\/\/api.w.org\/{rel}","templated":true}]}}