{"id":366,"date":"2024-07-18T18:34:57","date_gmt":"2024-07-18T18:34:57","guid":{"rendered":"https:\/\/upn201oaxaca.edu.mx\/wp\/?page_id=366"},"modified":"2025-12-03T20:00:57","modified_gmt":"2025-12-03T20:00:57","slug":"posgrado","status":"publish","type":"page","link":"https:\/\/upn201oaxaca.edu.mx\/wp\/oferta-educativa\/posgrado\/","title":{"rendered":"Posgrado"},"content":{"rendered":"\t\t<div data-elementor-type=\"wp-page\" data-elementor-id=\"366\" class=\"elementor elementor-366\">\n\t\t\t\t<div class=\"elementor-element elementor-element-393ff8c e-flex e-con-boxed e-con e-parent\" data-id=\"393ff8c\" data-element_type=\"container\" data-e-type=\"container\">\n\t\t\t\t\t<div class=\"e-con-inner\">\n\t\t<div class=\"elementor-element elementor-element-7f72453 e-con-full e-flex e-con e-child\" data-id=\"7f72453\" data-element_type=\"container\" data-e-type=\"container\">\n\t\t\t\t<div class=\"elementor-element elementor-element-dedf7e9 elementor-widget elementor-widget-heading\" data-id=\"dedf7e9\" data-element_type=\"widget\" data-e-type=\"widget\" data-widget_type=\"heading.default\">\n\t\t\t\t<div class=\"elementor-widget-container\">\n\t\t\t\t\t<h4 class=\"elementor-heading-title elementor-size-default\">Programas educativos de  Posgrado<\/h4>\t\t\t\t<\/div>\n\t\t\t\t<\/div>\n\t\t\t\t<div class=\"elementor-element elementor-element-19b8d4f eael-infobox-icon-bg-shape-circle eael-infobox-icon-hover-bg-shape-none elementor-invisible elementor-widget elementor-widget-eael-info-box\" data-id=\"19b8d4f\" data-element_type=\"widget\" data-e-type=\"widget\" data-settings=\"{&quot;_animation&quot;:&quot;fadeInUp&quot;}\" data-widget_type=\"eael-info-box.default\">\n\t\t\t\t<div class=\"elementor-widget-container\">\n\t\t\t\t\t        <div class=\"eael-infobox icon-on-left\">\n\t            <div class=\"infobox-icon eael-icon-only\">\n\n            \n                            <div class=\"infobox-icon-wrap\">\n                    <svg aria-hidden=\"true\" class=\"e-font-icon-svg e-fas-chalkboard-teacher\" viewBox=\"0 0 640 512\" xmlns=\"http:\/\/www.w3.org\/2000\/svg\"><path d=\"M208 352c-2.39 0-4.78.35-7.06 1.09C187.98 357.3 174.35 360 160 360c-14.35 0-27.98-2.7-40.95-6.91-2.28-.74-4.66-1.09-7.05-1.09C49.94 352-.33 402.48 0 464.62.14 490.88 21.73 512 48 512h224c26.27 0 47.86-21.12 48-47.38.33-62.14-49.94-112.62-112-112.62zm-48-32c53.02 0 96-42.98 96-96s-42.98-96-96-96-96 42.98-96 96 42.98 96 96 96zM592 0H208c-26.47 0-48 22.25-48 49.59V96c23.42 0 45.1 6.78 64 17.8V64h352v288h-64v-64H384v64h-76.24c19.1 16.69 33.12 38.73 39.69 64H592c26.47 0 48-22.25 48-49.59V49.59C640 22.25 618.47 0 592 0z\"><\/path><\/svg>                <\/div>\n            \n            \n        <\/div>\n            <div class=\"infobox-content eael-icon-only\">\n                    <div class=\"infobox-title-section\">\n                <h5 class=\"title\">Maestr\u00eda en Socioling\u00fc\u00edstica de la Educaci\u00f3n B\u00e1sica y Biling\u00fce<\/h5>            <\/div>\n                    <\/div>\n            <\/div>\n\n\t\t\t\t\t\t<\/div>\n\t\t\t\t<\/div>\n\t\t\t\t<div class=\"elementor-element elementor-element-509701f eael-infobox-icon-bg-shape-circle eael-infobox-icon-hover-bg-shape-none elementor-invisible elementor-widget elementor-widget-eael-info-box\" data-id=\"509701f\" data-element_type=\"widget\" data-e-type=\"widget\" data-settings=\"{&quot;_animation&quot;:&quot;fadeInUp&quot;}\" data-widget_type=\"eael-info-box.default\">\n\t\t\t\t<div class=\"elementor-widget-container\">\n\t\t\t\t\t        <div class=\"eael-infobox icon-on-left\">\n\t            <div class=\"infobox-icon eael-icon-only\">\n\n            \n                            <div class=\"infobox-icon-wrap\">\n                    <svg aria-hidden=\"true\" class=\"e-font-icon-svg e-fas-chalkboard-teacher\" viewBox=\"0 0 640 512\" xmlns=\"http:\/\/www.w3.org\/2000\/svg\"><path d=\"M208 352c-2.39 0-4.78.35-7.06 1.09C187.98 357.3 174.35 360 160 360c-14.35 0-27.98-2.7-40.95-6.91-2.28-.74-4.66-1.09-7.05-1.09C49.94 352-.33 402.48 0 464.62.14 490.88 21.73 512 48 512h224c26.27 0 47.86-21.12 48-47.38.33-62.14-49.94-112.62-112-112.62zm-48-32c53.02 0 96-42.98 96-96s-42.98-96-96-96-96 42.98-96 96 42.98 96 96 96zM592 0H208c-26.47 0-48 22.25-48 49.59V96c23.42 0 45.1 6.78 64 17.8V64h352v288h-64v-64H384v64h-76.24c19.1 16.69 33.12 38.73 39.69 64H592c26.47 0 48-22.25 48-49.59V49.59C640 22.25 618.47 0 592 0z\"><\/path><\/svg>                <\/div>\n            \n            \n        <\/div>\n            <div class=\"infobox-content eael-icon-only\">\n                    <div class=\"infobox-title-section\">\n                <h5 class=\"title\">Maestr\u00eda en Educaci\u00f3n B\u00e1sica<\/h5>            <\/div>\n                    <\/div>\n            <\/div>\n\n\t\t\t\t\t\t<\/div>\n\t\t\t\t<\/div>\n\t\t\t\t<div class=\"elementor-element elementor-element-772e101 eael-infobox-icon-bg-shape-circle eael-infobox-icon-hover-bg-shape-none elementor-invisible elementor-widget elementor-widget-eael-info-box\" data-id=\"772e101\" data-element_type=\"widget\" data-e-type=\"widget\" data-settings=\"{&quot;_animation&quot;:&quot;fadeInUp&quot;}\" data-widget_type=\"eael-info-box.default\">\n\t\t\t\t<div class=\"elementor-widget-container\">\n\t\t\t\t\t        <div class=\"eael-infobox icon-on-left\">\n\t            <div class=\"infobox-icon eael-icon-only\">\n\n            \n                            <div class=\"infobox-icon-wrap\">\n                    <svg aria-hidden=\"true\" class=\"e-font-icon-svg e-fas-chalkboard-teacher\" viewBox=\"0 0 640 512\" xmlns=\"http:\/\/www.w3.org\/2000\/svg\"><path d=\"M208 352c-2.39 0-4.78.35-7.06 1.09C187.98 357.3 174.35 360 160 360c-14.35 0-27.98-2.7-40.95-6.91-2.28-.74-4.66-1.09-7.05-1.09C49.94 352-.33 402.48 0 464.62.14 490.88 21.73 512 48 512h224c26.27 0 47.86-21.12 48-47.38.33-62.14-49.94-112.62-112-112.62zm-48-32c53.02 0 96-42.98 96-96s-42.98-96-96-96-96 42.98-96 96 42.98 96 96 96zM592 0H208c-26.47 0-48 22.25-48 49.59V96c23.42 0 45.1 6.78 64 17.8V64h352v288h-64v-64H384v64h-76.24c19.1 16.69 33.12 38.73 39.69 64H592c26.47 0 48-22.25 48-49.59V49.59C640 22.25 618.47 0 592 0z\"><\/path><\/svg>                <\/div>\n            \n            \n        <\/div>\n            <div class=\"infobox-content eael-icon-only\">\n                    <div class=\"infobox-title-section\">\n                <h5 class=\"title\">Maestr\u00eda en Educaci\u00f3n Matem\u00e1tica e Interculturalidad en la Educaci\u00f3n Primaria y Preescolar <\/h5>            <\/div>\n                    <\/div>\n            <\/div>\n\n\t\t\t\t\t\t<\/div>\n\t\t\t\t<\/div>\n\t\t\t\t<div class=\"elementor-element elementor-element-604765c eael-infobox-icon-bg-shape-circle eael-infobox-icon-hover-bg-shape-none elementor-invisible elementor-widget elementor-widget-eael-info-box\" data-id=\"604765c\" data-element_type=\"widget\" data-e-type=\"widget\" data-settings=\"{&quot;_animation&quot;:&quot;fadeInUp&quot;}\" data-widget_type=\"eael-info-box.default\">\n\t\t\t\t<div class=\"elementor-widget-container\">\n\t\t\t\t\t        <div class=\"eael-infobox icon-on-left\">\n\t            <div class=\"infobox-icon eael-icon-only\">\n\n            \n                            <div class=\"infobox-icon-wrap\">\n                    <svg aria-hidden=\"true\" class=\"e-font-icon-svg e-fas-chalkboard-teacher\" viewBox=\"0 0 640 512\" xmlns=\"http:\/\/www.w3.org\/2000\/svg\"><path d=\"M208 352c-2.39 0-4.78.35-7.06 1.09C187.98 357.3 174.35 360 160 360c-14.35 0-27.98-2.7-40.95-6.91-2.28-.74-4.66-1.09-7.05-1.09C49.94 352-.33 402.48 0 464.62.14 490.88 21.73 512 48 512h224c26.27 0 47.86-21.12 48-47.38.33-62.14-49.94-112.62-112-112.62zm-48-32c53.02 0 96-42.98 96-96s-42.98-96-96-96-96 42.98-96 96 42.98 96 96 96zM592 0H208c-26.47 0-48 22.25-48 49.59V96c23.42 0 45.1 6.78 64 17.8V64h352v288h-64v-64H384v64h-76.24c19.1 16.69 33.12 38.73 39.69 64H592c26.47 0 48-22.25 48-49.59V49.59C640 22.25 618.47 0 592 0z\"><\/path><\/svg>                <\/div>\n            \n            \n        <\/div>\n            <div class=\"infobox-content eael-icon-only\">\n                    <div class=\"infobox-title-section\">\n                <h5 class=\"title\">Maestr\u00eda en Ense\u00f1anza de las Matem\u00e1ticas en el Nivel Medio Superior <\/h5>            <\/div>\n                    <\/div>\n            <\/div>\n\n\t\t\t\t\t\t<\/div>\n\t\t\t\t<\/div>\n\t\t\t\t<\/div>\n\t\t<div class=\"elementor-element elementor-element-dccac37 e-con-full e-flex e-con e-child\" data-id=\"dccac37\" data-element_type=\"container\" data-e-type=\"container\">\n\t\t\t\t<div class=\"elementor-element elementor-element-bd22a9c elementor-widget elementor-widget-text-editor\" data-id=\"bd22a9c\" data-element_type=\"widget\" data-e-type=\"widget\" data-widget_type=\"text-editor.default\">\n\t\t\t\t<div class=\"elementor-widget-container\">\n\t\t\t\t\t\t\t\t\t<p data-start=\"297\" data-end=\"757\">La <strong data-start=\"300\" data-end=\"354\">Universidad Pedag\u00f3gica Nacional, Unidad 201 Oaxaca<\/strong>, ofrece programas de posgrado orientados a fortalecer la formaci\u00f3n acad\u00e9mica, profesional y humana de docentes, directivos, asesores t\u00e9cnico-pedag\u00f3gicos y profesionistas interesados en el campo educativo.<br data-start=\"559\" data-end=\"562\" \/>Nuestros posgrados se sustentan en un enfoque cr\u00edtico, humanista y transformador que responde a las necesidades actuales del sistema educativo y a los retos sociales de nuestro estado y del pa\u00eds.<\/p><p data-start=\"759\" data-end=\"1261\">En esta \u00e1rea podr\u00e1s conocer la oferta acad\u00e9mica vigente, los perfiles de ingreso y egreso, las l\u00edneas de generaci\u00f3n y aplicaci\u00f3n del conocimiento, as\u00ed como los procesos formativos que integran cada programa. Los estudios de maestr\u00eda que aqu\u00ed se presentan promueven la investigaci\u00f3n educativa, el an\u00e1lisis reflexivo de la pr\u00e1ctica docente y el desarrollo de propuestas innovadoras que contribuyan al mejoramiento de los procesos de ense\u00f1anza y aprendizaje en diversos contextos escolares y comunitarios.<\/p><p data-start=\"1263\" data-end=\"1609\">La UPN Unidad 201 Oaxaca reafirma su compromiso con la profesionalizaci\u00f3n del magisterio y la construcci\u00f3n de ambientes educativos inclusivos, respetuosos de la diversidad cultural y ling\u00fc\u00edstica de nuestro estado. Nuestros posgrados ofrecen un espacio acad\u00e9mico riguroso, colaborativo y orientado a la transformaci\u00f3n social mediante la educaci\u00f3n.<\/p>\t\t\t\t\t\t\t\t<\/div>\n\t\t\t\t<\/div>\n\t\t\t\t<\/div>\n\t\t\t\t\t<\/div>\n\t\t\t\t<\/div>\n\t\t\t\t<\/div>\n\t\t\n    <div class=\"xs_social_share_widget xs_share_url after_content \t\tmain_content  wslu-style-1 wslu-share-box-shaped wslu-fill-colored wslu-none wslu-share-horizontal wslu-theme-font-no wslu-main_content\">\n\n\t\t\n        <ul>\n\t\t\t        <\/ul>\n    <\/div> \n","protected":false},"excerpt":{"rendered":"<p>Programas educativos de Posgrado Maestr\u00eda en Socioling\u00fc\u00edstica de la Educaci\u00f3n B\u00e1sica y Biling\u00fce Maestr\u00eda en Educaci\u00f3n B\u00e1sica Maestr\u00eda en Educaci\u00f3n Matem\u00e1tica e Interculturalidad en la Educaci\u00f3n Primaria y Preescolar Maestr\u00eda en Ense\u00f1anza de las Matem\u00e1ticas en el Nivel Medio Superior La Universidad Pedag\u00f3gica Nacional, Unidad 201 Oaxaca, ofrece programas de posgrado orientados a fortalecer la &#8230; <a title=\"Posgrado\" class=\"read-more\" href=\"https:\/\/upn201oaxaca.edu.mx\/wp\/oferta-educativa\/posgrado\/\" aria-label=\"Leer m\u00e1s sobre Posgrado\">Leer m\u00e1s<\/a><\/p>\n","protected":false},"author":1,"featured_media":0,"parent":264,"menu_order":0,"comment_status":"closed","ping_status":"closed","template":"","meta":{"_acf_changed":false,"footnotes":""},"class_list":["post-366","page","type-page","status-publish"],"acf":[],"yoast_head":"<!-- This site is optimized with the Yoast SEO plugin v27.5 - https:\/\/yoast.com\/product\/yoast-seo-wordpress\/ -->\n<title>Posgrado -<\/title>\n<meta name=\"robots\" content=\"index, follow, max-snippet:-1, max-image-preview:large, max-video-preview:-1\" \/>\n<link rel=\"canonical\" href=\"https:\/\/upn201oaxaca.edu.mx\/wp\/oferta-educativa\/posgrado\/\" \/>\n<meta property=\"og:locale\" content=\"es_ES\" \/>\n<meta property=\"og:type\" content=\"article\" \/>\n<meta property=\"og:title\" content=\"Posgrado -\" \/>\n<meta property=\"og:description\" content=\"Programas educativos de Posgrado Maestr\u00eda en Socioling\u00fc\u00edstica de la Educaci\u00f3n B\u00e1sica y Biling\u00fce Maestr\u00eda en Educaci\u00f3n B\u00e1sica Maestr\u00eda en Educaci\u00f3n Matem\u00e1tica e Interculturalidad en la Educaci\u00f3n Primaria y Preescolar Maestr\u00eda en Ense\u00f1anza de las Matem\u00e1ticas en el Nivel Medio Superior La Universidad Pedag\u00f3gica Nacional, Unidad 201 Oaxaca, ofrece programas de posgrado orientados a fortalecer la ... Leer m\u00e1s\" \/>\n<meta property=\"og:url\" content=\"https:\/\/upn201oaxaca.edu.mx\/wp\/oferta-educativa\/posgrado\/\" \/>\n<meta property=\"article:modified_time\" content=\"2025-12-03T20:00:57+00:00\" \/>\n<meta name=\"twitter:card\" content=\"summary_large_image\" \/>\n<meta name=\"twitter:label1\" content=\"Tiempo de lectura\" \/>\n\t<meta name=\"twitter:data1\" content=\"2 minutos\" \/>\n<script type=\"application\/ld+json\" class=\"yoast-schema-graph\">{\"@context\":\"https:\\\/\\\/schema.org\",\"@graph\":[{\"@type\":\"WebPage\",\"@id\":\"https:\\\/\\\/upn201oaxaca.edu.mx\\\/wp\\\/oferta-educativa\\\/posgrado\\\/\",\"url\":\"https:\\\/\\\/upn201oaxaca.edu.mx\\\/wp\\\/oferta-educativa\\\/posgrado\\\/\",\"name\":\"Posgrado -\",\"isPartOf\":{\"@id\":\"https:\\\/\\\/upn201oaxaca.edu.mx\\\/wp\\\/#website\"},\"datePublished\":\"2024-07-18T18:34:57+00:00\",\"dateModified\":\"2025-12-03T20:00:57+00:00\",\"breadcrumb\":{\"@id\":\"https:\\\/\\\/upn201oaxaca.edu.mx\\\/wp\\\/oferta-educativa\\\/posgrado\\\/#breadcrumb\"},\"inLanguage\":\"es\",\"potentialAction\":[{\"@type\":\"ReadAction\",\"target\":[\"https:\\\/\\\/upn201oaxaca.edu.mx\\\/wp\\\/oferta-educativa\\\/posgrado\\\/\"]}]},{\"@type\":\"BreadcrumbList\",\"@id\":\"https:\\\/\\\/upn201oaxaca.edu.mx\\\/wp\\\/oferta-educativa\\\/posgrado\\\/#breadcrumb\",\"itemListElement\":[{\"@type\":\"ListItem\",\"position\":1,\"name\":\"Portada\",\"item\":\"https:\\\/\\\/upn201oaxaca.edu.mx\\\/wp\\\/\"},{\"@type\":\"ListItem\",\"position\":2,\"name\":\"Oferta educativa\",\"item\":\"https:\\\/\\\/upn201oaxaca.edu.mx\\\/wp\\\/oferta-educativa\\\/\"},{\"@type\":\"ListItem\",\"position\":3,\"name\":\"Posgrado\"}]},{\"@type\":\"WebSite\",\"@id\":\"https:\\\/\\\/upn201oaxaca.edu.mx\\\/wp\\\/#website\",\"url\":\"https:\\\/\\\/upn201oaxaca.edu.mx\\\/wp\\\/\",\"name\":\"\",\"description\":\"\",\"potentialAction\":[{\"@type\":\"SearchAction\",\"target\":{\"@type\":\"EntryPoint\",\"urlTemplate\":\"https:\\\/\\\/upn201oaxaca.edu.mx\\\/wp\\\/?s={search_term_string}\"},\"query-input\":{\"@type\":\"PropertyValueSpecification\",\"valueRequired\":true,\"valueName\":\"search_term_string\"}}],\"inLanguage\":\"es\"}]}<\/script>\n<!-- \/ Yoast SEO plugin. -->","yoast_head_json":{"title":"Posgrado -","robots":{"index":"index","follow":"follow","max-snippet":"max-snippet:-1","max-image-preview":"max-image-preview:large","max-video-preview":"max-video-preview:-1"},"canonical":"https:\/\/upn201oaxaca.edu.mx\/wp\/oferta-educativa\/posgrado\/","og_locale":"es_ES","og_type":"article","og_title":"Posgrado -","og_description":"Programas educativos de Posgrado Maestr\u00eda en Socioling\u00fc\u00edstica de la Educaci\u00f3n B\u00e1sica y Biling\u00fce Maestr\u00eda en Educaci\u00f3n B\u00e1sica Maestr\u00eda en Educaci\u00f3n Matem\u00e1tica e Interculturalidad en la Educaci\u00f3n Primaria y Preescolar Maestr\u00eda en Ense\u00f1anza de las Matem\u00e1ticas en el Nivel Medio Superior La Universidad Pedag\u00f3gica Nacional, Unidad 201 Oaxaca, ofrece programas de posgrado orientados a fortalecer la ... Leer m\u00e1s","og_url":"https:\/\/upn201oaxaca.edu.mx\/wp\/oferta-educativa\/posgrado\/","article_modified_time":"2025-12-03T20:00:57+00:00","twitter_card":"summary_large_image","twitter_misc":{"Tiempo de lectura":"2 minutos"},"schema":{"@context":"https:\/\/schema.org","@graph":[{"@type":"WebPage","@id":"https:\/\/upn201oaxaca.edu.mx\/wp\/oferta-educativa\/posgrado\/","url":"https:\/\/upn201oaxaca.edu.mx\/wp\/oferta-educativa\/posgrado\/","name":"Posgrado -","isPartOf":{"@id":"https:\/\/upn201oaxaca.edu.mx\/wp\/#website"},"datePublished":"2024-07-18T18:34:57+00:00","dateModified":"2025-12-03T20:00:57+00:00","breadcrumb":{"@id":"https:\/\/upn201oaxaca.edu.mx\/wp\/oferta-educativa\/posgrado\/#breadcrumb"},"inLanguage":"es","potentialAction":[{"@type":"ReadAction","target":["https:\/\/upn201oaxaca.edu.mx\/wp\/oferta-educativa\/posgrado\/"]}]},{"@type":"BreadcrumbList","@id":"https:\/\/upn201oaxaca.edu.mx\/wp\/oferta-educativa\/posgrado\/#breadcrumb","itemListElement":[{"@type":"ListItem","position":1,"name":"Portada","item":"https:\/\/upn201oaxaca.edu.mx\/wp\/"},{"@type":"ListItem","position":2,"name":"Oferta educativa","item":"https:\/\/upn201oaxaca.edu.mx\/wp\/oferta-educativa\/"},{"@type":"ListItem","position":3,"name":"Posgrado"}]},{"@type":"WebSite","@id":"https:\/\/upn201oaxaca.edu.mx\/wp\/#website","url":"https:\/\/upn201oaxaca.edu.mx\/wp\/","name":"","description":"","potentialAction":[{"@type":"SearchAction","target":{"@type":"EntryPoint","urlTemplate":"https:\/\/upn201oaxaca.edu.mx\/wp\/?s={search_term_string}"},"query-input":{"@type":"PropertyValueSpecification","valueRequired":true,"valueName":"search_term_string"}}],"inLanguage":"es"}]}},"_links":{"self":[{"href":"https:\/\/upn201oaxaca.edu.mx\/wp\/wp-json\/wp\/v2\/pages\/366","targetHints":{"allow":["GET"]}}],"collection":[{"href":"https:\/\/upn201oaxaca.edu.mx\/wp\/wp-json\/wp\/v2\/pages"}],"about":[{"href":"https:\/\/upn201oaxaca.edu.mx\/wp\/wp-json\/wp\/v2\/types\/page"}],"author":[{"embeddable":true,"href":"https:\/\/upn201oaxaca.edu.mx\/wp\/wp-json\/wp\/v2\/users\/1"}],"replies":[{"embeddable":true,"href":"https:\/\/upn201oaxaca.edu.mx\/wp\/wp-json\/wp\/v2\/comments?post=366"}],"version-history":[{"count":25,"href":"https:\/\/upn201oaxaca.edu.mx\/wp\/wp-json\/wp\/v2\/pages\/366\/revisions"}],"predecessor-version":[{"id":4523,"href":"https:\/\/upn201oaxaca.edu.mx\/wp\/wp-json\/wp\/v2\/pages\/366\/revisions\/4523"}],"up":[{"embeddable":true,"href":"https:\/\/upn201oaxaca.edu.mx\/wp\/wp-json\/wp\/v2\/pages\/264"}],"wp:attachment":[{"href":"https:\/\/upn201oaxaca.edu.mx\/wp\/wp-json\/wp\/v2\/media?parent=366"}],"curies":[{"name":"wp","href":"https:\/\/api.w.org\/{rel}","templated":true}]}}