{"id":395,"date":"2024-07-18T19:03:50","date_gmt":"2024-07-18T19:03:50","guid":{"rendered":"https:\/\/upn201oaxaca.edu.mx\/wp\/?page_id=395"},"modified":"2026-02-27T18:49:23","modified_gmt":"2026-02-27T18:49:23","slug":"ss","status":"publish","type":"page","link":"https:\/\/upn201oaxaca.edu.mx\/wp\/servicios\/cae\/ss\/","title":{"rendered":"Servicio Social"},"content":{"rendered":"\t\t<div data-elementor-type=\"wp-page\" data-elementor-id=\"395\" class=\"elementor elementor-395\">\n\t\t\t\t<div class=\"elementor-element elementor-element-7cc417a e-flex e-con-boxed e-con e-parent\" data-id=\"7cc417a\" data-element_type=\"container\" data-e-type=\"container\">\n\t\t\t\t\t<div class=\"e-con-inner\">\n\t\t<div class=\"elementor-element elementor-element-73510fc e-con-full e-flex e-con e-child\" data-id=\"73510fc\" data-element_type=\"container\" data-e-type=\"container\">\n\t\t\t\t<div class=\"elementor-element elementor-element-09c20f8 elementor-widget elementor-widget-heading\" data-id=\"09c20f8\" data-element_type=\"widget\" data-e-type=\"widget\" data-widget_type=\"heading.default\">\n\t\t\t\t<div class=\"elementor-widget-container\">\n\t\t\t\t\t<h4 class=\"elementor-heading-title elementor-size-default\">Coordinaci\u00f3n\nde Servicio Social<\/h4>\t\t\t\t<\/div>\n\t\t\t\t<\/div>\n\t\t\t\t<div class=\"elementor-element elementor-element-2fbe789 eael-infobox-icon-bg-shape-circle eael-infobox-icon-hover-bg-shape-none elementor-invisible elementor-widget elementor-widget-eael-info-box\" data-id=\"2fbe789\" data-element_type=\"widget\" data-e-type=\"widget\" data-settings=\"{&quot;_animation&quot;:&quot;fadeInUp&quot;}\" data-widget_type=\"eael-info-box.default\">\n\t\t\t\t<div class=\"elementor-widget-container\">\n\t\t\t\t\t            <a href=\"https:\/\/upn201oaxaca.edu.mx\/wp\/wp-content\/uploads\/2026\/02\/CONVOCATORIA-MODIFICADA-5.jpg\" target=\"_blank\">\n\t            <div class=\"eael-infobox icon-on-left\">\n\t            <div class=\"infobox-icon eael-icon-only\">\n\n            \n                            <div class=\"infobox-icon-wrap\">\n                    <svg aria-hidden=\"true\" class=\"e-font-icon-svg e-far-bell\" viewBox=\"0 0 448 512\" xmlns=\"http:\/\/www.w3.org\/2000\/svg\"><path d=\"M439.39 362.29c-19.32-20.76-55.47-51.99-55.47-154.29 0-77.7-54.48-139.9-127.94-155.16V32c0-17.67-14.32-32-31.98-32s-31.98 14.33-31.98 32v20.84C118.56 68.1 64.08 130.3 64.08 208c0 102.3-36.15 133.53-55.47 154.29-6 6.45-8.66 14.16-8.61 21.71.11 16.4 12.98 32 32.1 32h383.8c19.12 0 32-15.6 32.1-32 .05-7.55-2.61-15.27-8.61-21.71zM67.53 368c21.22-27.97 44.42-74.33 44.53-159.42 0-.2-.06-.38-.06-.58 0-61.86 50.14-112 112-112s112 50.14 112 112c0 .2-.06.38-.06.58.11 85.1 23.31 131.46 44.53 159.42H67.53zM224 512c35.32 0 63.97-28.65 63.97-64H160.03c0 35.35 28.65 64 63.97 64z\"><\/path><\/svg>                <\/div>\n            \n            \n        <\/div>\n            <div class=\"infobox-content eael-icon-only\">\n                    <div class=\"infobox-title-section\">\n                <h5 class=\"title\">Convocatoria Marzo 2026<\/h5>            <\/div>\n                    <\/div>\n            <\/div>\n\n\t\t            <\/a>\n\t\t\t\t\t\t<\/div>\n\t\t\t\t<\/div>\n\t\t\t\t<div class=\"elementor-element elementor-element-4cacf31 eael-infobox-icon-bg-shape-circle eael-infobox-icon-hover-bg-shape-none elementor-invisible elementor-widget elementor-widget-eael-info-box\" data-id=\"4cacf31\" data-element_type=\"widget\" data-e-type=\"widget\" data-settings=\"{&quot;_animation&quot;:&quot;fadeInUp&quot;}\" data-widget_type=\"eael-info-box.default\">\n\t\t\t\t<div class=\"elementor-widget-container\">\n\t\t\t\t\t            <a href=\"https:\/\/upn201oaxaca.edu.mx\/wp\/wp-content\/uploads\/2025\/02\/gaceta-upn-019-2007-REGLAMENTO-SERVICIO-SOCIAL.pdf\" target=\"_blank\">\n\t            <div class=\"eael-infobox icon-on-left\">\n\t            <div class=\"infobox-icon eael-icon-only\">\n\n            \n                            <div class=\"infobox-icon-wrap\">\n                    <svg aria-hidden=\"true\" class=\"e-font-icon-svg e-fas-balance-scale\" viewBox=\"0 0 640 512\" xmlns=\"http:\/\/www.w3.org\/2000\/svg\"><path d=\"M256 336h-.02c0-16.18 1.34-8.73-85.05-181.51-17.65-35.29-68.19-35.36-85.87 0C-2.06 328.75.02 320.33.02 336H0c0 44.18 57.31 80 128 80s128-35.82 128-80zM128 176l72 144H56l72-144zm511.98 160c0-16.18 1.34-8.73-85.05-181.51-17.65-35.29-68.19-35.36-85.87 0-87.12 174.26-85.04 165.84-85.04 181.51H384c0 44.18 57.31 80 128 80s128-35.82 128-80h-.02zM440 320l72-144 72 144H440zm88 128H352V153.25c23.51-10.29 41.16-31.48 46.39-57.25H528c8.84 0 16-7.16 16-16V48c0-8.84-7.16-16-16-16H383.64C369.04 12.68 346.09 0 320 0s-49.04 12.68-63.64 32H112c-8.84 0-16 7.16-16 16v32c0 8.84 7.16 16 16 16h129.61c5.23 25.76 22.87 46.96 46.39 57.25V448H112c-8.84 0-16 7.16-16 16v32c0 8.84 7.16 16 16 16h416c8.84 0 16-7.16 16-16v-32c0-8.84-7.16-16-16-16z\"><\/path><\/svg>                <\/div>\n            \n            \n        <\/div>\n            <div class=\"infobox-content eael-icon-only\">\n                    <div class=\"infobox-title-section\">\n                <h5 class=\"title\">Reglamento<\/h5>            <\/div>\n                    <\/div>\n            <\/div>\n\n\t\t            <\/a>\n\t\t\t\t\t\t<\/div>\n\t\t\t\t<\/div>\n\t\t\t\t<div class=\"elementor-element elementor-element-48c385f eael-infobox-icon-bg-shape-circle eael-infobox-icon-hover-bg-shape-none elementor-invisible elementor-widget elementor-widget-eael-info-box\" data-id=\"48c385f\" data-element_type=\"widget\" data-e-type=\"widget\" data-settings=\"{&quot;_animation&quot;:&quot;fadeInUp&quot;}\" data-widget_type=\"eael-info-box.default\">\n\t\t\t\t<div class=\"elementor-widget-container\">\n\t\t\t\t\t            <a href=\"https:\/\/upn201oaxaca.edu.mx\/wp\/servicios\/cae\/ss\/servicio-social-inst-receptoras\/\" target=\"_blank\">\n\t            <div class=\"eael-infobox icon-on-left\">\n\t            <div class=\"infobox-icon eael-icon-only\">\n\n            \n                            <div class=\"infobox-icon-wrap\">\n                    <svg aria-hidden=\"true\" class=\"e-font-icon-svg e-far-map\" viewBox=\"0 0 576 512\" xmlns=\"http:\/\/www.w3.org\/2000\/svg\"><path d=\"M560.02 32c-1.96 0-3.98.37-5.96 1.16L384.01 96H384L212 35.28A64.252 64.252 0 0 0 191.76 32c-6.69 0-13.37 1.05-19.81 3.14L20.12 87.95A32.006 32.006 0 0 0 0 117.66v346.32C0 473.17 7.53 480 15.99 480c1.96 0 3.97-.37 5.96-1.16L192 416l172 60.71a63.98 63.98 0 0 0 40.05.15l151.83-52.81A31.996 31.996 0 0 0 576 394.34V48.02c0-9.19-7.53-16.02-15.98-16.02zM224 90.42l128 45.19v285.97l-128-45.19V90.42zM48 418.05V129.07l128-44.53v286.2l-.64.23L48 418.05zm480-35.13l-128 44.53V141.26l.64-.24L528 93.95v288.97z\"><\/path><\/svg>                <\/div>\n            \n            \n        <\/div>\n            <div class=\"infobox-content eael-icon-only\">\n                    <div class=\"infobox-title-section\">\n                <h5 class=\"title\">Instituciones Receptoras<\/h5>            <\/div>\n                    <\/div>\n            <\/div>\n\n\t\t            <\/a>\n\t\t\t\t\t\t<\/div>\n\t\t\t\t<\/div>\n\t\t\t\t<div class=\"elementor-element elementor-element-82f3a27 eael-infobox-icon-bg-shape-circle eael-infobox-icon-hover-bg-shape-none elementor-invisible elementor-widget elementor-widget-eael-info-box\" data-id=\"82f3a27\" data-element_type=\"widget\" data-e-type=\"widget\" data-settings=\"{&quot;_animation&quot;:&quot;fadeInUp&quot;}\" data-widget_type=\"eael-info-box.default\">\n\t\t\t\t<div class=\"elementor-widget-container\">\n\t\t\t\t\t            <a href=\"https:\/\/upn201oaxaca.edu.mx\/wp\/wp-content\/uploads\/2025\/02\/FORMATO-DE-INSCRIPCION-AL-SERVICIO-SOCIAL.pdf\" target=\"_blank\">\n\t            <div class=\"eael-infobox icon-on-left\">\n\t            <div class=\"infobox-icon eael-icon-only\">\n\n            \n                            <div class=\"infobox-icon-wrap\">\n                    <svg aria-hidden=\"true\" class=\"e-font-icon-svg e-fab-wpforms\" viewBox=\"0 0 448 512\" xmlns=\"http:\/\/www.w3.org\/2000\/svg\"><path d=\"M448 75.2v361.7c0 24.3-19 43.2-43.2 43.2H43.2C19.3 480 0 461.4 0 436.8V75.2C0 51.1 18.8 32 43.2 32h361.7c24 0 43.1 18.8 43.1 43.2zm-37.3 361.6V75.2c0-3-2.6-5.8-5.8-5.8h-9.3L285.3 144 224 94.1 162.8 144 52.5 69.3h-9.3c-3.2 0-5.8 2.8-5.8 5.8v361.7c0 3 2.6 5.8 5.8 5.8h361.7c3.2.1 5.8-2.7 5.8-5.8zM150.2 186v37H76.7v-37h73.5zm0 74.4v37.3H76.7v-37.3h73.5zm11.1-147.3l54-43.7H96.8l64.5 43.7zm210 72.9v37h-196v-37h196zm0 74.4v37.3h-196v-37.3h196zm-84.6-147.3l64.5-43.7H232.8l53.9 43.7zM371.3 335v37.3h-99.4V335h99.4z\"><\/path><\/svg>                <\/div>\n            \n            \n        <\/div>\n            <div class=\"infobox-content eael-icon-only\">\n                    <div class=\"infobox-title-section\">\n                <h5 class=\"title\">Formato de inscripci\u00f3n<\/h5>            <\/div>\n                    <\/div>\n            <\/div>\n\n\t\t            <\/a>\n\t\t\t\t\t\t<\/div>\n\t\t\t\t<\/div>\n\t\t\t\t<div class=\"elementor-element elementor-element-337c7fd eael-infobox-icon-bg-shape-circle eael-infobox-icon-hover-bg-shape-none elementor-invisible elementor-widget elementor-widget-eael-info-box\" data-id=\"337c7fd\" data-element_type=\"widget\" data-e-type=\"widget\" data-settings=\"{&quot;_animation&quot;:&quot;fadeInUp&quot;}\" data-widget_type=\"eael-info-box.default\">\n\t\t\t\t<div class=\"elementor-widget-container\">\n\t\t\t\t\t            <a href=\"https:\/\/upn201oaxaca.edu.mx\/wp\/servicios\/cae\/ss\/servicio-social-faq\/\" target=\"_blank\">\n\t            <div class=\"eael-infobox icon-on-left\">\n\t            <div class=\"infobox-icon eael-icon-only\">\n\n            \n                            <div class=\"infobox-icon-wrap\">\n                    <svg aria-hidden=\"true\" class=\"e-font-icon-svg e-fas-question\" viewBox=\"0 0 384 512\" xmlns=\"http:\/\/www.w3.org\/2000\/svg\"><path d=\"M202.021 0C122.202 0 70.503 32.703 29.914 91.026c-7.363 10.58-5.093 25.086 5.178 32.874l43.138 32.709c10.373 7.865 25.132 6.026 33.253-4.148 25.049-31.381 43.63-49.449 82.757-49.449 30.764 0 68.816 19.799 68.816 49.631 0 22.552-18.617 34.134-48.993 51.164-35.423 19.86-82.299 44.576-82.299 106.405V320c0 13.255 10.745 24 24 24h72.471c13.255 0 24-10.745 24-24v-5.773c0-42.86 125.268-44.645 125.268-160.627C377.504 66.256 286.902 0 202.021 0zM192 373.459c-38.196 0-69.271 31.075-69.271 69.271 0 38.195 31.075 69.27 69.271 69.27s69.271-31.075 69.271-69.271-31.075-69.27-69.271-69.27z\"><\/path><\/svg>                <\/div>\n            \n            \n        <\/div>\n            <div class=\"infobox-content eael-icon-only\">\n                    <div class=\"infobox-title-section\">\n                <h5 class=\"title\">Preguntas frecuentes<\/h5>            <\/div>\n                    <\/div>\n            <\/div>\n\n\t\t            <\/a>\n\t\t\t\t\t\t<\/div>\n\t\t\t\t<\/div>\n\t\t\t\t<div class=\"elementor-element elementor-element-a1cc4c3 elementor-widget elementor-widget-text-editor\" data-id=\"a1cc4c3\" data-element_type=\"widget\" data-e-type=\"widget\" data-widget_type=\"text-editor.default\">\n\t\t\t\t<div class=\"elementor-widget-container\">\n\t\t\t\t\t\t\t\t\t<h5>Contacto<\/h5><p data-start=\"1784\" data-end=\"1928\">\ud83d\udce7 <strong data-start=\"1787\" data-end=\"1810\">Correo electr\u00f3nico:<\/strong> <a class=\"decorated-link cursor-pointer\" rel=\"noopener\" data-start=\"1811\" data-end=\"1843\">servicio.social.upn201@gmail.com<\/a><br data-start=\"1843\" data-end=\"1846\" \/>\ud83c\udfdb\ufe0f <strong data-start=\"1850\" data-end=\"1889\">Vis\u00edtanos en nuestras instalaciones<\/strong> para recibir atenci\u00f3n personalizada, de lunes a viernes de 8:30 a 14:30 horas.<\/p><p data-start=\"1784\" data-end=\"1928\">\u00a0<\/p>\t\t\t\t\t\t\t\t<\/div>\n\t\t\t\t<\/div>\n\t\t\t\t<\/div>\n\t\t<div class=\"elementor-element elementor-element-b8945b6 e-con-full e-flex e-con e-child\" data-id=\"b8945b6\" data-element_type=\"container\" data-e-type=\"container\">\n\t\t\t\t<div class=\"elementor-element elementor-element-1886a75 elementor-widget elementor-widget-text-editor\" data-id=\"1886a75\" data-element_type=\"widget\" data-e-type=\"widget\" data-widget_type=\"text-editor.default\">\n\t\t\t\t<div class=\"elementor-widget-container\">\n\t\t\t\t\t\t\t\t\t<p data-start=\"163\" data-end=\"419\">En la <strong data-start=\"169\" data-end=\"204\">Coordinaci\u00f3n de Servicio Social<\/strong> nos ocupamos de orientar, facilitar y gestionar el proceso de vinculaci\u00f3n de nuestros estudiantes con diversas organizaciones y comunidades, fomentando el <strong data-start=\"360\" data-end=\"389\">aprendizaje significativo<\/strong> y el <strong data-start=\"395\" data-end=\"416\">compromiso social<\/strong>.<\/p><p data-start=\"421\" data-end=\"795\">Nuestro prop\u00f3sito es que cada estudiante pueda cumplir con este requisito de manera efectiva, mediante experiencias pr\u00e1cticas que fortalezcan su formaci\u00f3n <strong data-start=\"576\" data-end=\"602\">profesional y personal<\/strong>, al mismo tiempo que contribuyen positivamente a su entorno. Para lograrlo, trabajamos en colaboraci\u00f3n con distintas instituciones y espacios que demandan participaci\u00f3n activa y responsable.<\/p><h5 data-start=\"797\" data-end=\"825\">Servicios y funciones<\/h5><ul data-start=\"826\" data-end=\"1449\"><li data-start=\"826\" data-end=\"977\"><p data-start=\"828\" data-end=\"977\"><strong data-start=\"828\" data-end=\"855\">Orientaci\u00f3n y asesor\u00eda:<\/strong> apoyo en la elecci\u00f3n de actividades y proyectos que respondan a los intereses y objetivos profesionales del estudiante.<\/p><\/li><li data-start=\"978\" data-end=\"1148\"><p data-start=\"980\" data-end=\"1148\"><strong data-start=\"980\" data-end=\"1015\">Vinculaci\u00f3n con organizaciones:<\/strong> gesti\u00f3n del contacto con instituciones y comunidades que requieran apoyo y donde los estudiantes puedan aplicar sus conocimientos.<\/p><\/li><li data-start=\"1149\" data-end=\"1336\"><p data-start=\"1151\" data-end=\"1336\"><strong data-start=\"1151\" data-end=\"1180\">Seguimiento y evaluaci\u00f3n:<\/strong> monitoreo del desarrollo de las actividades de servicio social y aplicaci\u00f3n de evaluaciones que garanticen el cumplimiento de los objetivos establecidos.<\/p><\/li><li data-start=\"1337\" data-end=\"1449\"><p data-start=\"1339\" data-end=\"1449\"><strong data-start=\"1339\" data-end=\"1360\">Atenci\u00f3n a dudas:<\/strong> acompa\u00f1amiento y resoluci\u00f3n de inquietudes durante todo el proceso de servicio social.<\/p><\/li><\/ul><p data-start=\"1451\" data-end=\"1766\">Invitamos a las y los estudiantes a consultar esta secci\u00f3n de manera regular para mantenerse informados sobre <strong data-start=\"1561\" data-end=\"1610\">oportunidades, requisitos y fechas relevantes<\/strong>. Nuestro equipo est\u00e1 disponible para brindar la orientaci\u00f3n necesaria y asegurar que la experiencia de servicio social sea enriquecedora y satisfactoria.<\/p>\t\t\t\t\t\t\t\t<\/div>\n\t\t\t\t<\/div>\n\t\t\t\t<\/div>\n\t\t\t\t\t<\/div>\n\t\t\t\t<\/div>\n\t\t\t\t<\/div>\n\t\t\n    <div class=\"xs_social_share_widget xs_share_url after_content \t\tmain_content  wslu-style-1 wslu-share-box-shaped wslu-fill-colored wslu-none wslu-share-horizontal wslu-theme-font-no wslu-main_content\">\n\n\t\t\n        <ul>\n\t\t\t        <\/ul>\n    <\/div> \n","protected":false},"excerpt":{"rendered":"<p>Coordinaci\u00f3n de Servicio Social Convocatoria Marzo 2026 Reglamento Instituciones Receptoras Formato de inscripci\u00f3n Preguntas frecuentes Contacto \ud83d\udce7 Correo electr\u00f3nico: servicio.social.upn201@gmail.com\ud83c\udfdb\ufe0f Vis\u00edtanos en nuestras instalaciones para recibir atenci\u00f3n personalizada, de lunes a viernes de 8:30 a 14:30 horas. \u00a0 En la Coordinaci\u00f3n de Servicio Social nos ocupamos de orientar, facilitar y gestionar el proceso de vinculaci\u00f3n &#8230; <a title=\"Servicio Social\" class=\"read-more\" href=\"https:\/\/upn201oaxaca.edu.mx\/wp\/servicios\/cae\/ss\/\" aria-label=\"Leer m\u00e1s sobre Servicio Social\">Leer m\u00e1s<\/a><\/p>\n","protected":false},"author":1,"featured_media":0,"parent":392,"menu_order":0,"comment_status":"closed","ping_status":"closed","template":"","meta":{"_acf_changed":false,"footnotes":""},"class_list":["post-395","page","type-page","status-publish"],"acf":[],"yoast_head":"<!-- This site is optimized with the Yoast SEO plugin v27.2 - https:\/\/yoast.com\/product\/yoast-seo-wordpress\/ -->\n<title>Servicio Social -<\/title>\n<meta name=\"robots\" content=\"index, follow, max-snippet:-1, max-image-preview:large, max-video-preview:-1\" \/>\n<link rel=\"canonical\" href=\"https:\/\/upn201oaxaca.edu.mx\/wp\/servicios\/cae\/ss\/\" \/>\n<meta property=\"og:locale\" content=\"es_ES\" \/>\n<meta property=\"og:type\" content=\"article\" \/>\n<meta property=\"og:title\" content=\"Servicio Social -\" \/>\n<meta property=\"og:description\" content=\"Coordinaci\u00f3n de Servicio Social Convocatoria Marzo 2026 Reglamento Instituciones Receptoras Formato de inscripci\u00f3n Preguntas frecuentes Contacto \ud83d\udce7 Correo electr\u00f3nico: servicio.social.upn201@gmail.com\ud83c\udfdb\ufe0f Vis\u00edtanos en nuestras instalaciones para recibir atenci\u00f3n personalizada, de lunes a viernes de 8:30 a 14:30 horas. \u00a0 En la Coordinaci\u00f3n de Servicio Social nos ocupamos de orientar, facilitar y gestionar el proceso de vinculaci\u00f3n ... Leer m\u00e1s\" \/>\n<meta property=\"og:url\" content=\"https:\/\/upn201oaxaca.edu.mx\/wp\/servicios\/cae\/ss\/\" \/>\n<meta property=\"article:modified_time\" content=\"2026-02-27T18:49:23+00:00\" \/>\n<meta name=\"twitter:card\" content=\"summary_large_image\" \/>\n<meta name=\"twitter:label1\" content=\"Tiempo de lectura\" \/>\n\t<meta name=\"twitter:data1\" content=\"2 minutos\" \/>\n<script type=\"application\/ld+json\" class=\"yoast-schema-graph\">{\"@context\":\"https:\/\/schema.org\",\"@graph\":[{\"@type\":\"WebPage\",\"@id\":\"https:\/\/upn201oaxaca.edu.mx\/wp\/servicios\/cae\/ss\/\",\"url\":\"https:\/\/upn201oaxaca.edu.mx\/wp\/servicios\/cae\/ss\/\",\"name\":\"Servicio Social -\",\"isPartOf\":{\"@id\":\"https:\/\/upn201oaxaca.edu.mx\/wp\/#website\"},\"datePublished\":\"2024-07-18T19:03:50+00:00\",\"dateModified\":\"2026-02-27T18:49:23+00:00\",\"breadcrumb\":{\"@id\":\"https:\/\/upn201oaxaca.edu.mx\/wp\/servicios\/cae\/ss\/#breadcrumb\"},\"inLanguage\":\"es\",\"potentialAction\":[{\"@type\":\"ReadAction\",\"target\":[\"https:\/\/upn201oaxaca.edu.mx\/wp\/servicios\/cae\/ss\/\"]}]},{\"@type\":\"BreadcrumbList\",\"@id\":\"https:\/\/upn201oaxaca.edu.mx\/wp\/servicios\/cae\/ss\/#breadcrumb\",\"itemListElement\":[{\"@type\":\"ListItem\",\"position\":1,\"name\":\"Portada\",\"item\":\"https:\/\/upn201oaxaca.edu.mx\/wp\/\"},{\"@type\":\"ListItem\",\"position\":2,\"name\":\"Servicios Educativos\",\"item\":\"https:\/\/upn201oaxaca.edu.mx\/wp\/servicios\/\"},{\"@type\":\"ListItem\",\"position\":3,\"name\":\"CAE\",\"item\":\"https:\/\/upn201oaxaca.edu.mx\/wp\/servicios\/cae\/\"},{\"@type\":\"ListItem\",\"position\":4,\"name\":\"Servicio Social\"}]},{\"@type\":\"WebSite\",\"@id\":\"https:\/\/upn201oaxaca.edu.mx\/wp\/#website\",\"url\":\"https:\/\/upn201oaxaca.edu.mx\/wp\/\",\"name\":\"\",\"description\":\"\",\"potentialAction\":[{\"@type\":\"SearchAction\",\"target\":{\"@type\":\"EntryPoint\",\"urlTemplate\":\"https:\/\/upn201oaxaca.edu.mx\/wp\/?s={search_term_string}\"},\"query-input\":{\"@type\":\"PropertyValueSpecification\",\"valueRequired\":true,\"valueName\":\"search_term_string\"}}],\"inLanguage\":\"es\"}]}<\/script>\n<!-- \/ Yoast SEO plugin. -->","yoast_head_json":{"title":"Servicio Social -","robots":{"index":"index","follow":"follow","max-snippet":"max-snippet:-1","max-image-preview":"max-image-preview:large","max-video-preview":"max-video-preview:-1"},"canonical":"https:\/\/upn201oaxaca.edu.mx\/wp\/servicios\/cae\/ss\/","og_locale":"es_ES","og_type":"article","og_title":"Servicio Social -","og_description":"Coordinaci\u00f3n de Servicio Social Convocatoria Marzo 2026 Reglamento Instituciones Receptoras Formato de inscripci\u00f3n Preguntas frecuentes Contacto \ud83d\udce7 Correo electr\u00f3nico: servicio.social.upn201@gmail.com\ud83c\udfdb\ufe0f Vis\u00edtanos en nuestras instalaciones para recibir atenci\u00f3n personalizada, de lunes a viernes de 8:30 a 14:30 horas. \u00a0 En la Coordinaci\u00f3n de Servicio Social nos ocupamos de orientar, facilitar y gestionar el proceso de vinculaci\u00f3n ... Leer m\u00e1s","og_url":"https:\/\/upn201oaxaca.edu.mx\/wp\/servicios\/cae\/ss\/","article_modified_time":"2026-02-27T18:49:23+00:00","twitter_card":"summary_large_image","twitter_misc":{"Tiempo de lectura":"2 minutos"},"schema":{"@context":"https:\/\/schema.org","@graph":[{"@type":"WebPage","@id":"https:\/\/upn201oaxaca.edu.mx\/wp\/servicios\/cae\/ss\/","url":"https:\/\/upn201oaxaca.edu.mx\/wp\/servicios\/cae\/ss\/","name":"Servicio Social -","isPartOf":{"@id":"https:\/\/upn201oaxaca.edu.mx\/wp\/#website"},"datePublished":"2024-07-18T19:03:50+00:00","dateModified":"2026-02-27T18:49:23+00:00","breadcrumb":{"@id":"https:\/\/upn201oaxaca.edu.mx\/wp\/servicios\/cae\/ss\/#breadcrumb"},"inLanguage":"es","potentialAction":[{"@type":"ReadAction","target":["https:\/\/upn201oaxaca.edu.mx\/wp\/servicios\/cae\/ss\/"]}]},{"@type":"BreadcrumbList","@id":"https:\/\/upn201oaxaca.edu.mx\/wp\/servicios\/cae\/ss\/#breadcrumb","itemListElement":[{"@type":"ListItem","position":1,"name":"Portada","item":"https:\/\/upn201oaxaca.edu.mx\/wp\/"},{"@type":"ListItem","position":2,"name":"Servicios Educativos","item":"https:\/\/upn201oaxaca.edu.mx\/wp\/servicios\/"},{"@type":"ListItem","position":3,"name":"CAE","item":"https:\/\/upn201oaxaca.edu.mx\/wp\/servicios\/cae\/"},{"@type":"ListItem","position":4,"name":"Servicio Social"}]},{"@type":"WebSite","@id":"https:\/\/upn201oaxaca.edu.mx\/wp\/#website","url":"https:\/\/upn201oaxaca.edu.mx\/wp\/","name":"","description":"","potentialAction":[{"@type":"SearchAction","target":{"@type":"EntryPoint","urlTemplate":"https:\/\/upn201oaxaca.edu.mx\/wp\/?s={search_term_string}"},"query-input":{"@type":"PropertyValueSpecification","valueRequired":true,"valueName":"search_term_string"}}],"inLanguage":"es"}]}},"_links":{"self":[{"href":"https:\/\/upn201oaxaca.edu.mx\/wp\/wp-json\/wp\/v2\/pages\/395","targetHints":{"allow":["GET"]}}],"collection":[{"href":"https:\/\/upn201oaxaca.edu.mx\/wp\/wp-json\/wp\/v2\/pages"}],"about":[{"href":"https:\/\/upn201oaxaca.edu.mx\/wp\/wp-json\/wp\/v2\/types\/page"}],"author":[{"embeddable":true,"href":"https:\/\/upn201oaxaca.edu.mx\/wp\/wp-json\/wp\/v2\/users\/1"}],"replies":[{"embeddable":true,"href":"https:\/\/upn201oaxaca.edu.mx\/wp\/wp-json\/wp\/v2\/comments?post=395"}],"version-history":[{"count":232,"href":"https:\/\/upn201oaxaca.edu.mx\/wp\/wp-json\/wp\/v2\/pages\/395\/revisions"}],"predecessor-version":[{"id":4563,"href":"https:\/\/upn201oaxaca.edu.mx\/wp\/wp-json\/wp\/v2\/pages\/395\/revisions\/4563"}],"up":[{"embeddable":true,"href":"https:\/\/upn201oaxaca.edu.mx\/wp\/wp-json\/wp\/v2\/pages\/392"}],"wp:attachment":[{"href":"https:\/\/upn201oaxaca.edu.mx\/wp\/wp-json\/wp\/v2\/media?parent=395"}],"curies":[{"name":"wp","href":"https:\/\/api.w.org\/{rel}","templated":true}]}}